{"id":13391,"date":"2021-08-04T14:04:22","date_gmt":"2021-08-04T14:04:22","guid":{"rendered":"https:\/\/rosaelisabeth.nl\/datenschutz-und-cookie-erklaerung\/"},"modified":"2026-03-30T14:49:01","modified_gmt":"2026-03-30T14:49:01","slug":"datenschutz-und-cookie-erklaerung","status":"publish","type":"page","link":"https:\/\/rosaelisabeth.nl\/de\/datenschutz-und-cookie-erklaerung\/","title":{"rendered":"Datenschutz- und Cookie-Erkl\u00e4rung"},"content":{"rendered":"<div class=\"fusion-fullwidth fullwidth-box fusion-builder-row-1 fusion-flex-container nonhundred-percent-fullwidth non-hundred-percent-height-scrolling\" style=\"--awb-border-radius-top-left:0px;--awb-border-radius-top-right:0px;--awb-border-radius-bottom-right:0px;--awb-border-radius-bottom-left:0px;--awb-flex-wrap:wrap;\" ><div class=\"fusion-builder-row fusion-row fusion-flex-align-items-flex-start fusion-flex-content-wrap\" style=\"max-width:1248px;margin-left: calc(-4% \/ 2 );margin-right: calc(-4% \/ 2 );\"><div class=\"fusion-layout-column fusion_builder_column fusion-builder-column-0 fusion_builder_column_1_1 1_1 fusion-flex-column\" style=\"--awb-bg-size:cover;--awb-width-large:100%;--awb-margin-top-large:0px;--awb-spacing-right-large:1.92%;--awb-margin-bottom-large:20px;--awb-spacing-left-large:1.92%;--awb-width-medium:100%;--awb-order-medium:0;--awb-spacing-right-medium:1.92%;--awb-spacing-left-medium:1.92%;--awb-width-small:100%;--awb-order-small:0;--awb-spacing-right-small:1.92%;--awb-spacing-left-small:1.92%;\"><div class=\"fusion-column-wrapper fusion-column-has-shadow fusion-flex-justify-content-flex-start fusion-content-layout-column\"><div class=\"fusion-text fusion-text-1\" style=\"--awb-text-transform:none;\"><h3>Datenschutzbeauftragter<\/h3>\n<p>Rosa Elisabeth lifecoaching, ans\u00e4ssig in der Regentesselaan 5, 7316 AA Apeldoorn, ist f\u00fcr die Verarbeitung personenbezogener Daten gem\u00e4\u00df dieser Datenschutzerkl\u00e4rung verantwortlich.<\/p>\n<h3>Kontaktdaten:<\/h3>\n<p>Website: https:\/\/rosaelisabeth.nl\/<\/p>\n<p>Regentesselaan 5<\/p>\n<p>7316 AA Apeldoorn<\/p>\n<p>+31 6 29174602<\/p>\n<p>Rosa Elisabeth Gerritsen ist die Datenschutzbeauftragte von Rosa Elisabeth lifecoaching. Sie ist erreichbar unter <a href=\"mailto:mail@rosaelisabeth.nl\">mail@rosaelisabeth.nl<\/a><\/p>\n<h3>Personenbezogene Daten, die wir verarbeiten<\/h3>\n<p>Rosa Elisabeth lifecoaching verarbeitet Ihre personenbezogenen Daten, da Sie unsere Dienstleistungen in Anspruch nehmen und\/oder uns diese Daten selbst zur Verf\u00fcgung stellen. Nachfolgend finden Sie eine \u00dcbersicht \u00fcber die von uns verarbeiteten personenbezogenen Daten: <\/p>\n<ul>\n<li>Vor- und Nachname<\/li>\n<li>Geschlecht<\/li>\n<li>Geburtsdatum<\/li>\n<li>Geburtsort<\/li>\n<li>Adressdaten<\/li>\n<li>Telefonnummer<\/li>\n<li>E-Mail-Adresse<\/li>\n<li>(anonymisierte) IP-Adresse<\/li>\n<li>Daten \u00fcber Ihre Aktivit\u00e4ten auf unserer Website<\/li>\n<li>Internetbrowser und Ger\u00e4tetyp<\/li>\n<\/ul>\n<h3>Besondere und\/oder sensible personenbezogene Daten, die wir verarbeiten<\/h3>\n<p>Unsere Website und\/oder Dienstleistung beabsichtigt nicht, Daten \u00fcber Website-Besucher zu sammeln, die j\u00fcnger als 16 Jahre sind, es sei denn, sie haben die Erlaubnis der Eltern oder eines Erziehungsberechtigten. Wir k\u00f6nnen jedoch nicht \u00fcberpr\u00fcfen, ob ein Besucher \u00e4lter als 16 Jahre ist. Wir empfehlen Eltern daher, sich an den Online-Aktivit\u00e4ten ihrer Kinder zu beteiligen, um zu verhindern, dass Daten \u00fcber Kinder ohne elterliche Zustimmung gesammelt werden. Wenn Sie davon \u00fcberzeugt sind, dass wir ohne diese Zustimmung personenbezogene Daten \u00fcber einen Minderj\u00e4hrigen gesammelt haben, kontaktieren Sie uns bitte unter mail@rosaelisabeth.nl, damit wir diese Informationen l\u00f6schen.    <\/p>\n<h3>Zu welchem Zweck und auf welcher Grundlage wir personenbezogene Daten verarbeiten<\/h3>\n<p>Rosa Elisabeth lifecoaching verarbeitet Ihre personenbezogenen Daten zu folgenden Zwecken:<\/p>\n<ul>\n<li>Abwicklung Ihrer Zahlung<\/li>\n<li>Versand unseres Newsletters und\/oder Werbebrosch\u00fcren<\/li>\n<li>Um Sie anrufen oder Ihnen eine E-Mail senden zu k\u00f6nnen, falls dies f\u00fcr die Erbringung unserer Dienstleistungen erforderlich ist<\/li>\n<li>Um Sie \u00fcber \u00c4nderungen an unseren Dienstleistungen und Produkten zu informieren<\/li>\n<li>Um Ihnen die M\u00f6glichkeit zu bieten, ein Konto zu erstellen<\/li>\n<li>Um Waren und Dienstleistungen an Sie zu liefern<\/li>\n<li>Rosa Elisabeth lifecoaching verarbeitet auch personenbezogene Daten, wenn wir gesetzlich dazu verpflichtet sind, wie zum Beispiel Daten, die wir f\u00fcr unsere Steuererkl\u00e4rung ben\u00f6tigen.<\/li>\n<\/ul>\n<h3>Automatisierte Entscheidungsfindung<\/h3>\n<p>Rosa Elisabeth lifecoaching trifft keine Entscheidungen auf der Grundlage automatisierter Verarbeitungen \u00fcber Angelegenheiten, die (erhebliche) Folgen f\u00fcr Personen haben k\u00f6nnen. Hierbei handelt es sich um Entscheidungen, die von Computerprogrammen oder -systemen getroffen werden, ohne dass ein Mensch (zum Beispiel ein Mitarbeiter von Rosa Elisabeth lifecoaching) daran beteiligt ist. <\/p>\n<h3>Wie lange wir personenbezogene Daten aufbewahren<\/h3>\n<p>Rosa Elisabeth lifecoaching bewahrt Ihre personenbezogenen Daten nicht l\u00e4nger auf, als es unbedingt erforderlich ist, um die Zwecke zu erf\u00fcllen, f\u00fcr die Ihre Daten erhoben werden. Wir wenden eine Aufbewahrungsfrist von zwei Jahren f\u00fcr die oben genannten personenbezogenen Daten an. <\/p>\n<h3>Weitergabe personenbezogener Daten an Dritte<\/h3>\n<p>Rosa Elisabeth lifecoaching verkauft Ihre Daten nicht an Dritte und gibt sie nur weiter, wenn dies f\u00fcr die Ausf\u00fchrung unseres Vertrags mit Ihnen erforderlich ist oder um einer gesetzlichen Verpflichtung nachzukommen. Mit Unternehmen, die Ihre Daten in unserem Auftrag verarbeiten, schlie\u00dfen wir einen Auftragsverarbeitungsvertrag ab, um das gleiche Ma\u00df an Sicherheit und Vertraulichkeit Ihrer Daten zu gew\u00e4hrleisten. Rosa Elisabeth lifecoaching bleibt f\u00fcr diese Verarbeitungen verantwortlich.  <\/p>\n<h3>Cookies oder vergleichbare Techniken, die wir verwenden<\/h3>\n<p>Rosa Elisabeth lifecoaching verwendet funktionale und analytische Cookies. Ein Cookie ist eine kleine Textdatei, die beim ersten Besuch dieser Website im Browser Ihres Computers, Tablets oder Smartphones gespeichert wird. Rosa Elisabeth lifecoaching verwendet Cookies mit einer rein technischen Funktionalit\u00e4t. Diese sorgen daf\u00fcr, dass die Website ordnungsgem\u00e4\u00df funktioniert und beispielsweise Ihre bevorzugten Einstellungen gespeichert werden. Diese Cookies werden auch verwendet, um die Website einwandfrei betreiben und optimieren zu k\u00f6nnen. Bei Ihrem ersten Besuch auf unserer Website haben wir Sie bereits \u00fcber diese Cookies informiert und Sie um Erlaubnis f\u00fcr deren Platzierung gebeten. Sie k\u00f6nnen sich von Cookies abmelden, indem Sie Ihren Internetbrowser so einstellen, dass er keine Cookies mehr speichert. Dar\u00fcber hinaus k\u00f6nnen Sie auch alle zuvor gespeicherten Informationen \u00fcber die Einstellungen Ihres Browsers l\u00f6schen. Eine Erl\u00e4uterung finden Sie unter: <a href=\"https:\/\/veiliginternetten.nl\/themes\/situatie\/cookies-wat-zijn-het-en-wat-doe-ik-ermee\/\" target=\"_blank\" rel=\"noopener\">https:\/\/veiliginternetten.nl\/themes\/situatie\/cookies-wat-zijn-het-en-wat-doe-ik-ermee\/<\/a>        <\/p>\n<h3>Daten einsehen, anpassen oder l\u00f6schen<\/h3>\n<p>Sie haben das Recht, Ihre personenbezogenen Daten einzusehen, zu korrigieren oder zu l\u00f6schen. Dar\u00fcber hinaus haben Sie das Recht, Ihre eventuelle Einwilligung zur Datenverarbeitung zu widerrufen oder der Verarbeitung Ihrer personenbezogenen Daten durch Rosa Elisabeth lifecoaching zu widersprechen, und Sie haben das Recht auf Daten\u00fcbertragbarkeit. Das bedeutet, dass Sie bei uns einen Antrag stellen k\u00f6nnen, die personenbezogenen Daten, die wir von Ihnen in einer Computerdatei gespeichert haben, an Sie oder eine andere von Ihnen benannte Organisation zu senden. Sie k\u00f6nnen einen Antrag auf Einsicht, Korrektur, L\u00f6schung, Daten\u00fcbertragung Ihrer personenbezogenen Daten oder einen Antrag auf Widerruf Ihrer Einwilligung oder Widerspruch gegen die Verarbeitung Ihrer personenbezogenen Daten an mail@rosaelisabeth.nl senden. Um sicherzustellen, dass der Antrag auf Einsichtnahme von Ihnen gestellt wurde, bitten wir Sie, dem Antrag eine Kopie Ihres Identit\u00e4tsnachweises beizuf\u00fcgen. Schw\u00e4rzen Sie in dieser Kopie Ihr Passfoto, die MRZ (machine readable zone, der Streifen mit Nummern am unteren Rand des Passes), die Passnummer und die B\u00fcrgerservicenummer (BSN). Dies dient dem Schutz Ihrer Privatsph\u00e4re. Wir werden so schnell wie m\u00f6glich, jedoch innerhalb von vier Wochen, auf Ihren Antrag reagieren. Rosa Elisabeth lifecoaching m\u00f6chte Sie zudem darauf hinweisen, dass Sie die M\u00f6glichkeit haben, eine Beschwerde bei der nationalen Aufsichtsbeh\u00f6rde, der Autoriteit Persoonsgegevens, einzureichen. Dies ist \u00fcber den folgenden Link m\u00f6glich: <a href=\"https:\/\/autoriteitpersoonsgegevens.nl\/nl\/contact-met-de-autoriteit-persoonsgegevens\/tip-ons\" target=\"_blank\" rel=\"noopener\">https:\/\/autoriteitpersoonsgegevens.nl\/nl\/contact-met-de-autoriteit-persoonsgegevens\/tip-ons<\/a>         <\/p>\n<h3>Wie wir personenbezogene Daten sch\u00fctzen<\/h3>\n<p>Rosa Elisabeth lifecoaching nimmt den Schutz Ihrer Daten ernst und ergreift angemessene Ma\u00dfnahmen, um Missbrauch, Verlust, unbefugten Zugriff, unerw\u00fcnschte Offenlegung und unbefugte \u00c4nderung zu verhindern. Wenn Sie den Eindruck haben, dass Ihre Daten nicht ordnungsgem\u00e4\u00df gesichert sind oder Anzeichen f\u00fcr Missbrauch vorliegen, wenden Sie sich bitte an unseren Kundenservice oder \u00fcber <a href=\"mailto:mail@rosaelisabeth.nl\" rel=\"noopener\">mail@rosaelisabeth.nl<\/a> <\/p>\n<\/div><\/div><\/div><\/div><\/div>\n","protected":false},"excerpt":{"rendered":"","protected":false},"author":3,"featured_media":0,"parent":0,"menu_order":0,"comment_status":"closed","ping_status":"closed","template":"","meta":{"footnotes":""},"class_list":["post-13391","page","type-page","status-publish","hentry"],"yoast_head":"<!-- This site is optimized with the Yoast SEO plugin v27.6 - https:\/\/yoast.com\/product\/yoast-seo-wordpress\/ -->\n<title>Datenschutz- und Cookie-Erkl\u00e4rung - Rosa Elisabeth Lifecoach<\/title>\n<meta name=\"robots\" content=\"index, follow, max-snippet:-1, max-image-preview:large, max-video-preview:-1\" \/>\n<link rel=\"canonical\" href=\"https:\/\/rosaelisabeth.nl\/de\/datenschutz-und-cookie-erklaerung\/\" \/>\n<meta property=\"og:locale\" content=\"de_DE\" \/>\n<meta property=\"og:type\" content=\"article\" \/>\n<meta property=\"og:title\" content=\"Datenschutz- und Cookie-Erkl\u00e4rung - Rosa Elisabeth Lifecoach\" \/>\n<meta property=\"og:url\" content=\"https:\/\/rosaelisabeth.nl\/de\/datenschutz-und-cookie-erklaerung\/\" \/>\n<meta property=\"og:site_name\" content=\"Rosa Elisabeth Lifecoach\" \/>\n<meta property=\"article:publisher\" content=\"https:\/\/www.facebook.com\/RosaElisabethLifecoaching\" \/>\n<meta property=\"article:modified_time\" content=\"2026-03-30T14:49:01+00:00\" \/>\n<meta name=\"twitter:card\" content=\"summary_large_image\" \/>\n<meta name=\"twitter:site\" content=\"@RosiGerritsen\" \/>\n<meta name=\"twitter:label1\" content=\"Gesch\u00e4tzte Lesezeit\" \/>\n\t<meta name=\"twitter:data1\" content=\"8\u00a0Minuten\" \/>\n<script type=\"application\/ld+json\" class=\"yoast-schema-graph\">{\"@context\":\"https:\\\/\\\/schema.org\",\"@graph\":[{\"@type\":\"WebPage\",\"@id\":\"https:\\\/\\\/rosaelisabeth.nl\\\/de\\\/datenschutz-und-cookie-erklaerung\\\/\",\"url\":\"https:\\\/\\\/rosaelisabeth.nl\\\/de\\\/datenschutz-und-cookie-erklaerung\\\/\",\"name\":\"Datenschutz- und Cookie-Erkl\u00e4rung - Rosa Elisabeth Lifecoach\",\"isPartOf\":{\"@id\":\"https:\\\/\\\/rosaelisabeth.nl\\\/de\\\/#website\"},\"datePublished\":\"2021-08-04T14:04:22+00:00\",\"dateModified\":\"2026-03-30T14:49:01+00:00\",\"breadcrumb\":{\"@id\":\"https:\\\/\\\/rosaelisabeth.nl\\\/de\\\/datenschutz-und-cookie-erklaerung\\\/#breadcrumb\"},\"inLanguage\":\"de\",\"potentialAction\":[{\"@type\":\"ReadAction\",\"target\":[\"https:\\\/\\\/rosaelisabeth.nl\\\/de\\\/datenschutz-und-cookie-erklaerung\\\/\"]}]},{\"@type\":\"BreadcrumbList\",\"@id\":\"https:\\\/\\\/rosaelisabeth.nl\\\/de\\\/datenschutz-und-cookie-erklaerung\\\/#breadcrumb\",\"itemListElement\":[{\"@type\":\"ListItem\",\"position\":1,\"name\":\"Home\",\"item\":\"https:\\\/\\\/rosaelisabeth.nl\\\/de\\\/home\\\/\"},{\"@type\":\"ListItem\",\"position\":2,\"name\":\"Datenschutz- und Cookie-Erkl\u00e4rung\"}]},{\"@type\":\"WebSite\",\"@id\":\"https:\\\/\\\/rosaelisabeth.nl\\\/de\\\/#website\",\"url\":\"https:\\\/\\\/rosaelisabeth.nl\\\/de\\\/\",\"name\":\"Rosa Elisabeth Lifecoach\",\"description\":\"\",\"publisher\":{\"@id\":\"https:\\\/\\\/rosaelisabeth.nl\\\/de\\\/#organization\"},\"potentialAction\":[{\"@type\":\"SearchAction\",\"target\":{\"@type\":\"EntryPoint\",\"urlTemplate\":\"https:\\\/\\\/rosaelisabeth.nl\\\/de\\\/?s={search_term_string}\"},\"query-input\":{\"@type\":\"PropertyValueSpecification\",\"valueRequired\":true,\"valueName\":\"search_term_string\"}}],\"inLanguage\":\"de\"},{\"@type\":\"Organization\",\"@id\":\"https:\\\/\\\/rosaelisabeth.nl\\\/de\\\/#organization\",\"name\":\"Rosa Elisabeth Lifecoach\",\"url\":\"https:\\\/\\\/rosaelisabeth.nl\\\/de\\\/\",\"logo\":{\"@type\":\"ImageObject\",\"inLanguage\":\"de\",\"@id\":\"https:\\\/\\\/rosaelisabeth.nl\\\/de\\\/#\\\/schema\\\/logo\\\/image\\\/\",\"url\":\"https:\\\/\\\/rosaelisabeth.nl\\\/wp-content\\\/uploads\\\/2022\\\/09\\\/Rosa-Elisabeth_LOGO_FULLCOLOR-scaled.jpg\",\"contentUrl\":\"https:\\\/\\\/rosaelisabeth.nl\\\/wp-content\\\/uploads\\\/2022\\\/09\\\/Rosa-Elisabeth_LOGO_FULLCOLOR-scaled.jpg\",\"width\":2560,\"height\":899,\"caption\":\"Rosa Elisabeth Lifecoach\"},\"image\":{\"@id\":\"https:\\\/\\\/rosaelisabeth.nl\\\/de\\\/#\\\/schema\\\/logo\\\/image\\\/\"},\"sameAs\":[\"https:\\\/\\\/www.facebook.com\\\/RosaElisabethLifecoaching\",\"https:\\\/\\\/x.com\\\/RosiGerritsen\",\"https:\\\/\\\/www.instagram.com\\\/rosaelisabeth_lifecoaching\\\/\",\"https:\\\/\\\/www.linkedin.com\\\/in\\\/regerritsen\\\/\"]}]}<\/script>\n<!-- \/ Yoast SEO plugin. -->","yoast_head_json":{"title":"Datenschutz- und Cookie-Erkl\u00e4rung - Rosa Elisabeth Lifecoach","robots":{"index":"index","follow":"follow","max-snippet":"max-snippet:-1","max-image-preview":"max-image-preview:large","max-video-preview":"max-video-preview:-1"},"canonical":"https:\/\/rosaelisabeth.nl\/de\/datenschutz-und-cookie-erklaerung\/","og_locale":"de_DE","og_type":"article","og_title":"Datenschutz- und Cookie-Erkl\u00e4rung - Rosa Elisabeth Lifecoach","og_url":"https:\/\/rosaelisabeth.nl\/de\/datenschutz-und-cookie-erklaerung\/","og_site_name":"Rosa Elisabeth Lifecoach","article_publisher":"https:\/\/www.facebook.com\/RosaElisabethLifecoaching","article_modified_time":"2026-03-30T14:49:01+00:00","twitter_card":"summary_large_image","twitter_site":"@RosiGerritsen","twitter_misc":{"Gesch\u00e4tzte Lesezeit":"8\u00a0Minuten"},"schema":{"@context":"https:\/\/schema.org","@graph":[{"@type":"WebPage","@id":"https:\/\/rosaelisabeth.nl\/de\/datenschutz-und-cookie-erklaerung\/","url":"https:\/\/rosaelisabeth.nl\/de\/datenschutz-und-cookie-erklaerung\/","name":"Datenschutz- und Cookie-Erkl\u00e4rung - Rosa Elisabeth Lifecoach","isPartOf":{"@id":"https:\/\/rosaelisabeth.nl\/de\/#website"},"datePublished":"2021-08-04T14:04:22+00:00","dateModified":"2026-03-30T14:49:01+00:00","breadcrumb":{"@id":"https:\/\/rosaelisabeth.nl\/de\/datenschutz-und-cookie-erklaerung\/#breadcrumb"},"inLanguage":"de","potentialAction":[{"@type":"ReadAction","target":["https:\/\/rosaelisabeth.nl\/de\/datenschutz-und-cookie-erklaerung\/"]}]},{"@type":"BreadcrumbList","@id":"https:\/\/rosaelisabeth.nl\/de\/datenschutz-und-cookie-erklaerung\/#breadcrumb","itemListElement":[{"@type":"ListItem","position":1,"name":"Home","item":"https:\/\/rosaelisabeth.nl\/de\/home\/"},{"@type":"ListItem","position":2,"name":"Datenschutz- und Cookie-Erkl\u00e4rung"}]},{"@type":"WebSite","@id":"https:\/\/rosaelisabeth.nl\/de\/#website","url":"https:\/\/rosaelisabeth.nl\/de\/","name":"Rosa Elisabeth Lifecoach","description":"","publisher":{"@id":"https:\/\/rosaelisabeth.nl\/de\/#organization"},"potentialAction":[{"@type":"SearchAction","target":{"@type":"EntryPoint","urlTemplate":"https:\/\/rosaelisabeth.nl\/de\/?s={search_term_string}"},"query-input":{"@type":"PropertyValueSpecification","valueRequired":true,"valueName":"search_term_string"}}],"inLanguage":"de"},{"@type":"Organization","@id":"https:\/\/rosaelisabeth.nl\/de\/#organization","name":"Rosa Elisabeth Lifecoach","url":"https:\/\/rosaelisabeth.nl\/de\/","logo":{"@type":"ImageObject","inLanguage":"de","@id":"https:\/\/rosaelisabeth.nl\/de\/#\/schema\/logo\/image\/","url":"https:\/\/rosaelisabeth.nl\/wp-content\/uploads\/2022\/09\/Rosa-Elisabeth_LOGO_FULLCOLOR-scaled.jpg","contentUrl":"https:\/\/rosaelisabeth.nl\/wp-content\/uploads\/2022\/09\/Rosa-Elisabeth_LOGO_FULLCOLOR-scaled.jpg","width":2560,"height":899,"caption":"Rosa Elisabeth Lifecoach"},"image":{"@id":"https:\/\/rosaelisabeth.nl\/de\/#\/schema\/logo\/image\/"},"sameAs":["https:\/\/www.facebook.com\/RosaElisabethLifecoaching","https:\/\/x.com\/RosiGerritsen","https:\/\/www.instagram.com\/rosaelisabeth_lifecoaching\/","https:\/\/www.linkedin.com\/in\/regerritsen\/"]}]}},"_links":{"self":[{"href":"https:\/\/rosaelisabeth.nl\/de\/wp-json\/wp\/v2\/pages\/13391","targetHints":{"allow":["GET"]}}],"collection":[{"href":"https:\/\/rosaelisabeth.nl\/de\/wp-json\/wp\/v2\/pages"}],"about":[{"href":"https:\/\/rosaelisabeth.nl\/de\/wp-json\/wp\/v2\/types\/page"}],"author":[{"embeddable":true,"href":"https:\/\/rosaelisabeth.nl\/de\/wp-json\/wp\/v2\/users\/3"}],"replies":[{"embeddable":true,"href":"https:\/\/rosaelisabeth.nl\/de\/wp-json\/wp\/v2\/comments?post=13391"}],"version-history":[{"count":1,"href":"https:\/\/rosaelisabeth.nl\/de\/wp-json\/wp\/v2\/pages\/13391\/revisions"}],"predecessor-version":[{"id":13394,"href":"https:\/\/rosaelisabeth.nl\/de\/wp-json\/wp\/v2\/pages\/13391\/revisions\/13394"}],"wp:attachment":[{"href":"https:\/\/rosaelisabeth.nl\/de\/wp-json\/wp\/v2\/media?parent=13391"}],"curies":[{"name":"wp","href":"https:\/\/api.w.org\/{rel}","templated":true}]}}