{"id":13343,"date":"2023-10-31T12:04:01","date_gmt":"2023-10-31T12:04:01","guid":{"rendered":"https:\/\/rosaelisabeth.nl\/buch-die-kunst-auf-sich-selbst-zu-hoeren\/"},"modified":"2026-03-30T14:48:22","modified_gmt":"2026-03-30T14:48:22","slug":"buch-die-kunst-auf-sich-selbst-zu-hoeren","status":"publish","type":"page","link":"https:\/\/rosaelisabeth.nl\/de\/buch-die-kunst-auf-sich-selbst-zu-hoeren\/","title":{"rendered":"Buch: Die Kunst, auf sich selbst zu h\u00f6ren"},"content":{"rendered":"<p><div class=\"fusion-fullwidth fullwidth-box fusion-builder-row-1 fusion-flex-container has-pattern-background has-mask-background nonhundred-percent-fullwidth non-hundred-percent-height-scrolling\" style=\"--awb-border-radius-top-left:0px;--awb-border-radius-top-right:0px;--awb-border-radius-bottom-right:0px;--awb-border-radius-bottom-left:0px;--awb-flex-wrap:wrap;\" ><div class=\"fusion-builder-row fusion-row fusion-flex-align-items-flex-start fusion-flex-content-wrap\" style=\"max-width:1248px;margin-left: calc(-4% \/ 2 );margin-right: calc(-4% \/ 2 );\"><div class=\"fusion-layout-column fusion_builder_column fusion-builder-column-0 fusion_builder_column_3_5 3_5 fusion-flex-column\" style=\"--awb-bg-size:cover;--awb-width-large:60%;--awb-margin-top-large:0px;--awb-spacing-right-large:3.2%;--awb-margin-bottom-large:20px;--awb-spacing-left-large:3.2%;--awb-width-medium:100%;--awb-order-medium:0;--awb-spacing-right-medium:1.92%;--awb-spacing-left-medium:1.92%;--awb-width-small:100%;--awb-order-small:0;--awb-spacing-right-small:1.92%;--awb-spacing-left-small:1.92%;\"><div class=\"fusion-column-wrapper fusion-column-has-shadow fusion-flex-justify-content-flex-start fusion-content-layout-column\"><div class=\"fusion-title title fusion-title-1 fusion-sep-none fusion-title-text fusion-title-size-one\" style=\"--awb-margin-top-small:10px;--awb-margin-right-small:0px;--awb-margin-bottom-small:10px;--awb-margin-left-small:0px;\"><h1 class=\"fusion-title-heading title-heading-left fusion-responsive-typography-calculated\" style=\"margin:0;--fontSize:54;line-height:1.16;\"><strong>Die Kunst, auf sich selbst zu h\u00f6ren<\/strong><\/h1><\/div><div class=\"fusion-text fusion-text-1\"><p><strong>Tauchen Sie tief ein in eine Welt voller Reflexion und Inspiration. \u201eDie Kunst, auf sich selbst zu h\u00f6ren\u201c ist nicht nur ein Buch; es ist eine Reise durch Gedanken, beleuchtet durch Zitate und verst\u00e4rkt durch pers\u00f6nliche Geschichten. Jedes Kapitel wurde sorgf\u00e4ltig zusammengestellt, um Sie als Leser anzuregen und zur Introspektion einzuladen.  <\/strong><\/p>\n<p><strong>Was k\u00f6nnen Sie erwarten?<\/strong><\/p>\n<ul>\n<li>Fesselnde Lebenslektionen.<\/li>\n<li>Ergreifende pers\u00f6nliche Geschichten.<\/li>\n<li>Zitate inspirierender Pers\u00f6nlichkeiten.<\/li>\n<li>Durchdachte Fragen, die zur tieferen Reflexion \u00fcber das Leben und Ihre Wahrnehmung der Umgebung einladen.<\/li>\n<\/ul>\n<\/div><div style=\"text-align:center;\"><a class=\"fusion-button button-flat fusion-button-default-size button-default fusion-button-default button-1 fusion-button-default-span fusion-button-default-type\" target=\"_self\" href=\"mailto:mail@rosaelisabeth.nl?subject=Boek%20bestellen&amp;body=Dag%20Rosa,%20%20Ik%20wil%20graag%20je%20boek%20bestellen,%20dit%20zijn%20mijn%20gegevens:%20Naam%20Adres%20Telefoonnummer\"><span class=\"fusion-button-text awb-button__text awb-button__text--default\">Das Buch bestellen<\/span><\/a><\/div><\/div><\/div><div class=\"fusion-layout-column fusion_builder_column fusion-builder-column-1 fusion_builder_column_2_5 2_5 fusion-flex-column\" style=\"--awb-bg-size:cover;--awb-width-large:40%;--awb-margin-top-large:0px;--awb-spacing-right-large:4.8%;--awb-margin-bottom-large:20px;--awb-spacing-left-large:4.8%;--awb-width-medium:100%;--awb-order-medium:0;--awb-spacing-right-medium:1.92%;--awb-spacing-left-medium:1.92%;--awb-width-small:100%;--awb-order-small:0;--awb-spacing-right-small:1.92%;--awb-spacing-left-small:1.92%;\" data-scroll-devices=\"small-visibility,medium-visibility,large-visibility\"><div class=\"fusion-column-wrapper lazyload fusion-column-has-shadow fusion-flex-justify-content-flex-start fusion-content-layout-column fusion-empty-column-bg-image fusion-column-has-bg-image\" data-bg-url=\"https:\/\/rosaelisabeth.nl\/wp-content\/uploads\/2023\/09\/WhatsApp-Image-2023-09-27-at-08.51.30.jpeg\" data-bg=\"https:\/\/rosaelisabeth.nl\/wp-content\/uploads\/2023\/09\/WhatsApp-Image-2023-09-27-at-08.51.30.jpeg\"><img decoding=\"async\" class=\"fusion-empty-dims-img-placeholder\" aria-label=\"WhatsApp Image 2023-09-27 at 08.51.30\" src=\"data:image\/svg+xml,%3Csvg%20xmlns%3D%27http%3A%2F%2Fwww.w3.org%2F2000%2Fsvg%27%20width%3D%271484%27%20height%3D%272048%27%20viewBox%3D%270%200%201484%202048%27%3E%3Crect%20width%3D%271484%27%20height%3D%272048%27%20fill-opacity%3D%220%22%2F%3E%3C%2Fsvg%3E\"><\/div><\/div><\/div><\/div><div class=\"fusion-fullwidth fullwidth-box fusion-builder-row-2 fusion-flex-container has-pattern-background has-mask-background nonhundred-percent-fullwidth non-hundred-percent-height-scrolling\" style=\"--awb-border-radius-top-left:0px;--awb-border-radius-top-right:0px;--awb-border-radius-bottom-right:0px;--awb-border-radius-bottom-left:0px;--awb-flex-wrap:wrap;\" ><div class=\"fusion-builder-row fusion-row fusion-flex-align-items-flex-start fusion-flex-content-wrap\" style=\"max-width:1248px;margin-left: calc(-4% \/ 2 );margin-right: calc(-4% \/ 2 );\"><div class=\"fusion-layout-column fusion_builder_column fusion-builder-column-2 fusion_builder_column_2_5 2_5 fusion-flex-column\" style=\"--awb-bg-size:cover;--awb-width-large:40%;--awb-margin-top-large:0px;--awb-spacing-right-large:4.8%;--awb-margin-bottom-large:20px;--awb-spacing-left-large:4.8%;--awb-width-medium:100%;--awb-order-medium:0;--awb-spacing-right-medium:1.92%;--awb-spacing-left-medium:1.92%;--awb-width-small:100%;--awb-order-small:0;--awb-spacing-right-small:1.92%;--awb-spacing-left-small:1.92%;\" data-scroll-devices=\"small-visibility,medium-visibility,large-visibility\"><div class=\"fusion-column-wrapper lazyload fusion-column-has-shadow fusion-flex-justify-content-flex-start fusion-content-layout-column fusion-empty-column-bg-image fusion-column-has-bg-image\" data-bg-url=\"https:\/\/rosaelisabeth.nl\/wp-content\/uploads\/2022\/07\/Rosa-Elisabeth-scaled.jpg\" data-bg=\"https:\/\/rosaelisabeth.nl\/wp-content\/uploads\/2022\/07\/Rosa-Elisabeth-scaled.jpg\"><img decoding=\"async\" class=\"fusion-empty-dims-img-placeholder\" aria-label=\"Rosa Elisabeth\" src=\"data:image\/svg+xml,%3Csvg%20xmlns%3D%27http%3A%2F%2Fwww.w3.org%2F2000%2Fsvg%27%20width%3D%271356%27%20height%3D%272560%27%20viewBox%3D%270%200%201356%202560%27%3E%3Crect%20width%3D%271356%27%20height%3D%272560%27%20fill-opacity%3D%220%22%2F%3E%3C%2Fsvg%3E\"><\/div><\/div><div class=\"fusion-layout-column fusion_builder_column fusion-builder-column-3 fusion_builder_column_3_5 3_5 fusion-flex-column\" style=\"--awb-bg-size:cover;--awb-width-large:60%;--awb-margin-top-large:0px;--awb-spacing-right-large:3.2%;--awb-margin-bottom-large:20px;--awb-spacing-left-large:3.2%;--awb-width-medium:100%;--awb-order-medium:0;--awb-spacing-right-medium:1.92%;--awb-spacing-left-medium:1.92%;--awb-width-small:100%;--awb-order-small:0;--awb-spacing-right-small:1.92%;--awb-spacing-left-small:1.92%;\"><div class=\"fusion-column-wrapper fusion-column-has-shadow fusion-flex-justify-content-flex-start fusion-content-layout-column\"><div class=\"fusion-text fusion-text-2\"><h4><strong>Lernen Sie die Autorin Rosa (Elisabeth) Gerritsen kennen: eine einzigartige Kombination aus Sensitivit\u00e4t und Kreativit\u00e4t. <\/strong><\/h4>\n<p style=\"font-weight: 400\">Rosa ist in gro\u00dfer Verbundenheit mit der Natur und einem Bewusstsein f\u00fcr den Menschen und seine Umgebung aufgewachsen. Mit ihrer Sensitivit\u00e4t und ihrem kreativen Geist ist sie eine Person, die \u00fcber den Tellerrand hinausblickt. Sie stellt offene, unvoreingenommene Verbindungen auf Augenh\u00f6he her.  <\/p>\n<p style=\"font-weight: 400\">Nach einer Karriere in der Prozesstechnik ist sie heute als Lifecoach t\u00e4tig. Mit ihrer Menschenkenntnis und Lebenserfahrung ist sie f\u00fcr viele eine Quelle der Weisheit. <\/p>\n<p style=\"font-weight: 400\">Rosa: <em>\u201eDieses Buch ist f\u00fcr alle, die es lieben, die Welt aus verschiedenen Perspektiven zu betrachten.<\/em><\/p>\n<p><em>Die im Buch enthaltenen Fragen regen dazu an, auf eine andere Weise \u00fcber das eigene Leben und die Art und Weise, wie man die Umgebung wahrnimmt, nachzudenken.<\/em><em>\u201c<\/em><\/p>\n<p style=\"font-weight: 400\">Ihr Buch ist in einer kompakten und luxuri\u00f6sen Ausf\u00fchrung mit wundersch\u00f6nem Fotomaterial und kurzen Geschichten gestaltet. Dadurch l\u00e4dt das Buch dazu ein, an einem sichtbaren Ort liegen zu bleiben und je nach Bedarf kurz (oder lang) gelesen zu werden. Perfekt f\u00fcr den Couchtisch oder andere Orte, an denen man kurz etwas lesen m\u00f6chte.  <\/p>\n<\/div><div style=\"text-align:center;\"><a class=\"fusion-button button-flat fusion-button-default-size button-default fusion-button-default button-2 fusion-button-default-span fusion-button-default-type\" target=\"_self\" href=\"mailto:mail@rosaelisabeth.nl?subject=Boek%20bestellen&amp;body=Dag%20Rosa,%20%20Ik%20wil%20graag%20je%20boek%20bestellen,%20dit%20zijn%20mijn%20gegevens:%20Naam%20Adres%20Telefoonnummer\"><span class=\"fusion-button-text awb-button__text awb-button__text--default\">Das Buch bestellen<\/span><\/a><\/div><\/div><\/div><\/div><\/div><div class=\"fusion-fullwidth fullwidth-box fusion-builder-row-3 fusion-flex-container has-pattern-background has-mask-background nonhundred-percent-fullwidth non-hundred-percent-height-scrolling\" style=\"--awb-border-radius-top-left:0px;--awb-border-radius-top-right:0px;--awb-border-radius-bottom-right:0px;--awb-border-radius-bottom-left:0px;--awb-flex-wrap:wrap;\" ><div class=\"fusion-builder-row fusion-row fusion-flex-align-items-flex-start fusion-flex-content-wrap\" style=\"max-width:1248px;margin-left: calc(-4% \/ 2 );margin-right: calc(-4% \/ 2 );\"><div class=\"fusion-layout-column fusion_builder_column fusion-builder-column-4 fusion_builder_column_1_1 1_1 fusion-flex-column\" style=\"--awb-bg-size:cover;--awb-width-large:100%;--awb-margin-top-large:0px;--awb-spacing-right-large:1.92%;--awb-margin-bottom-large:20px;--awb-spacing-left-large:1.92%;--awb-width-medium:100%;--awb-order-medium:0;--awb-spacing-right-medium:1.92%;--awb-spacing-left-medium:1.92%;--awb-width-small:100%;--awb-order-small:0;--awb-spacing-right-small:1.92%;--awb-spacing-left-small:1.92%;\"><div class=\"fusion-column-wrapper fusion-column-has-shadow fusion-flex-justify-content-flex-start fusion-content-layout-column\"><div class=\"fusion-text fusion-text-3\"><h4 style=\"font-weight: 400\">Das sagen andere \u00fcber dieses Buch:<\/h4>\n<ul>\n<li style=\"font-weight: 400\">\u201eWas f\u00fcr ein tolles Buch. Auf eine ganz eigene, authentische Weise geschrieben.\u201c<\/li>\n<li style=\"font-weight: 400\">\u201eSch\u00f6ne Form f\u00fcr ein Buch. Lebenslektionen zwischen pers\u00f6nlicher Geschichte und Zitaten inspirierender Menschen!\u201c<\/li>\n<li style=\"font-weight: 400\">\u201eEin sehr sch\u00f6nes Buch. Ich erkenne mich selbst darin wieder.\u201c<\/li>\n<li style=\"font-weight: 400\">\u201eKompakt, eine Augenweide, kurz gefasst und inspirierend f\u00fcr den Geist. Perfekt f\u00fcr diejenigen, die nie Zeit zum Lesen haben oder endlos bei einer Frage oder einem Foto wegdtr\u00e4umen k\u00f6nnen.\u201c<\/li>\n<\/ul>\n<h3>Weitere Informationen und bestellen<\/h3>\n<p><strong>Preis:<\/strong> 29,75 \u20ac inkl. MwSt. und Versandkosten <\/p>\n<p>Beginnen Sie jetzt Ihre Reise der Selbstentdeckung und f\u00fcgen Sie dieses einzigartige Buch Ihrer Sammlung hinzu!<\/p>\n<p><img decoding=\"async\" class=\"lazyload alignnone size-full wp-image-10602\" src=\"https:\/\/rosaelisabeth.nl\/wp-content\/uploads\/2023\/09\/WhatsApp-Image-2023-09-27-at-09.10.29.jpeg\" data-orig-src=\"https:\/\/rosaelisabeth.nl\/wp-content\/uploads\/2023\/09\/WhatsApp-Image-2023-09-27-at-09.10.29.jpeg\" alt=\"\" width=\"2000\" height=\"1500\" srcset=\"data:image\/svg+xml,%3Csvg%20xmlns%3D%27http%3A%2F%2Fwww.w3.org%2F2000%2Fsvg%27%20width%3D%272000%27%20height%3D%271500%27%20viewBox%3D%270%200%202000%201500%27%3E%3Crect%20width%3D%272000%27%20height%3D%271500%27%20fill-opacity%3D%220%22%2F%3E%3C%2Fsvg%3E\" data-srcset=\"https:\/\/rosaelisabeth.nl\/wp-content\/uploads\/2023\/09\/WhatsApp-Image-2023-09-27-at-09.10.29-200x150.jpeg 200w, https:\/\/rosaelisabeth.nl\/wp-content\/uploads\/2023\/09\/WhatsApp-Image-2023-09-27-at-09.10.29-300x225.jpeg 300w, https:\/\/rosaelisabeth.nl\/wp-content\/uploads\/2023\/09\/WhatsApp-Image-2023-09-27-at-09.10.29-400x300.jpeg 400w, https:\/\/rosaelisabeth.nl\/wp-content\/uploads\/2023\/09\/WhatsApp-Image-2023-09-27-at-09.10.29-500x375.jpeg 500w, https:\/\/rosaelisabeth.nl\/wp-content\/uploads\/2023\/09\/WhatsApp-Image-2023-09-27-at-09.10.29-600x450.jpeg 600w, https:\/\/rosaelisabeth.nl\/wp-content\/uploads\/2023\/09\/WhatsApp-Image-2023-09-27-at-09.10.29-700x525.jpeg 700w, https:\/\/rosaelisabeth.nl\/wp-content\/uploads\/2023\/09\/WhatsApp-Image-2023-09-27-at-09.10.29-768x576.jpeg 768w, https:\/\/rosaelisabeth.nl\/wp-content\/uploads\/2023\/09\/WhatsApp-Image-2023-09-27-at-09.10.29-800x600.jpeg 800w, https:\/\/rosaelisabeth.nl\/wp-content\/uploads\/2023\/09\/WhatsApp-Image-2023-09-27-at-09.10.29-1024x768.jpeg 1024w, https:\/\/rosaelisabeth.nl\/wp-content\/uploads\/2023\/09\/WhatsApp-Image-2023-09-27-at-09.10.29-1200x900.jpeg 1200w, https:\/\/rosaelisabeth.nl\/wp-content\/uploads\/2023\/09\/WhatsApp-Image-2023-09-27-at-09.10.29-1536x1152.jpeg 1536w, https:\/\/rosaelisabeth.nl\/wp-content\/uploads\/2023\/09\/WhatsApp-Image-2023-09-27-at-09.10.29.jpeg 2000w\" data-sizes=\"auto\" data-orig-sizes=\"(max-width: 2000px) 100vw, 2000px\" \/><\/p>\n<\/div><\/div><\/div><\/div><\/div><\/p>\n","protected":false},"excerpt":{"rendered":"","protected":false},"author":3,"featured_media":0,"parent":0,"menu_order":0,"comment_status":"closed","ping_status":"closed","template":"","meta":{"footnotes":""},"class_list":["post-13343","page","type-page","status-publish","hentry"],"yoast_head":"<!-- This site is optimized with the Yoast SEO plugin v27.6 - https:\/\/yoast.com\/product\/yoast-seo-wordpress\/ -->\n<title>Buch: Die Kunst, auf sich selbst zu h\u00f6ren - Rosa Elisabeth Lifecoach<\/title>\n<meta name=\"robots\" content=\"index, follow, max-snippet:-1, max-image-preview:large, max-video-preview:-1\" \/>\n<link rel=\"canonical\" href=\"https:\/\/rosaelisabeth.nl\/de\/buch-die-kunst-auf-sich-selbst-zu-hoeren\/\" \/>\n<meta property=\"og:locale\" content=\"de_DE\" \/>\n<meta property=\"og:type\" content=\"article\" \/>\n<meta property=\"og:title\" content=\"Buch: Die Kunst, auf sich selbst zu h\u00f6ren - Rosa Elisabeth Lifecoach\" \/>\n<meta property=\"og:url\" content=\"https:\/\/rosaelisabeth.nl\/de\/buch-die-kunst-auf-sich-selbst-zu-hoeren\/\" \/>\n<meta property=\"og:site_name\" content=\"Rosa Elisabeth Lifecoach\" \/>\n<meta property=\"article:publisher\" content=\"https:\/\/www.facebook.com\/RosaElisabethLifecoaching\" \/>\n<meta property=\"article:modified_time\" content=\"2026-03-30T14:48:22+00:00\" \/>\n<meta property=\"og:image\" content=\"https:\/\/rosaelisabeth.nl\/wp-content\/uploads\/2023\/09\/WhatsApp-Image-2023-09-27-at-09.10.29.jpeg\" \/>\n<meta name=\"twitter:card\" content=\"summary_large_image\" \/>\n<meta name=\"twitter:site\" content=\"@RosiGerritsen\" \/>\n<meta name=\"twitter:label1\" content=\"Gesch\u00e4tzte Lesezeit\" \/>\n\t<meta name=\"twitter:data1\" content=\"20\u00a0Minuten\" \/>\n<script type=\"application\/ld+json\" class=\"yoast-schema-graph\">{\"@context\":\"https:\\\/\\\/schema.org\",\"@graph\":[{\"@type\":\"WebPage\",\"@id\":\"https:\\\/\\\/rosaelisabeth.nl\\\/de\\\/buch-die-kunst-auf-sich-selbst-zu-hoeren\\\/\",\"url\":\"https:\\\/\\\/rosaelisabeth.nl\\\/de\\\/buch-die-kunst-auf-sich-selbst-zu-hoeren\\\/\",\"name\":\"Buch: Die Kunst, auf sich selbst zu h\u00f6ren - Rosa Elisabeth Lifecoach\",\"isPartOf\":{\"@id\":\"https:\\\/\\\/rosaelisabeth.nl\\\/de\\\/#website\"},\"primaryImageOfPage\":{\"@id\":\"https:\\\/\\\/rosaelisabeth.nl\\\/de\\\/buch-die-kunst-auf-sich-selbst-zu-hoeren\\\/#primaryimage\"},\"image\":{\"@id\":\"https:\\\/\\\/rosaelisabeth.nl\\\/de\\\/buch-die-kunst-auf-sich-selbst-zu-hoeren\\\/#primaryimage\"},\"thumbnailUrl\":\"https:\\\/\\\/rosaelisabeth.nl\\\/wp-content\\\/uploads\\\/2023\\\/09\\\/WhatsApp-Image-2023-09-27-at-09.10.29.jpeg\",\"datePublished\":\"2023-10-31T12:04:01+00:00\",\"dateModified\":\"2026-03-30T14:48:22+00:00\",\"breadcrumb\":{\"@id\":\"https:\\\/\\\/rosaelisabeth.nl\\\/de\\\/buch-die-kunst-auf-sich-selbst-zu-hoeren\\\/#breadcrumb\"},\"inLanguage\":\"de\",\"potentialAction\":[{\"@type\":\"ReadAction\",\"target\":[\"https:\\\/\\\/rosaelisabeth.nl\\\/de\\\/buch-die-kunst-auf-sich-selbst-zu-hoeren\\\/\"]}]},{\"@type\":\"ImageObject\",\"inLanguage\":\"de\",\"@id\":\"https:\\\/\\\/rosaelisabeth.nl\\\/de\\\/buch-die-kunst-auf-sich-selbst-zu-hoeren\\\/#primaryimage\",\"url\":\"https:\\\/\\\/rosaelisabeth.nl\\\/wp-content\\\/uploads\\\/2023\\\/09\\\/WhatsApp-Image-2023-09-27-at-09.10.29.jpeg\",\"contentUrl\":\"https:\\\/\\\/rosaelisabeth.nl\\\/wp-content\\\/uploads\\\/2023\\\/09\\\/WhatsApp-Image-2023-09-27-at-09.10.29.jpeg\"},{\"@type\":\"BreadcrumbList\",\"@id\":\"https:\\\/\\\/rosaelisabeth.nl\\\/de\\\/buch-die-kunst-auf-sich-selbst-zu-hoeren\\\/#breadcrumb\",\"itemListElement\":[{\"@type\":\"ListItem\",\"position\":1,\"name\":\"Home\",\"item\":\"https:\\\/\\\/rosaelisabeth.nl\\\/de\\\/home\\\/\"},{\"@type\":\"ListItem\",\"position\":2,\"name\":\"Buch: Die Kunst, auf sich selbst zu h\u00f6ren\"}]},{\"@type\":\"WebSite\",\"@id\":\"https:\\\/\\\/rosaelisabeth.nl\\\/de\\\/#website\",\"url\":\"https:\\\/\\\/rosaelisabeth.nl\\\/de\\\/\",\"name\":\"Rosa Elisabeth Lifecoach\",\"description\":\"\",\"publisher\":{\"@id\":\"https:\\\/\\\/rosaelisabeth.nl\\\/de\\\/#organization\"},\"potentialAction\":[{\"@type\":\"SearchAction\",\"target\":{\"@type\":\"EntryPoint\",\"urlTemplate\":\"https:\\\/\\\/rosaelisabeth.nl\\\/de\\\/?s={search_term_string}\"},\"query-input\":{\"@type\":\"PropertyValueSpecification\",\"valueRequired\":true,\"valueName\":\"search_term_string\"}}],\"inLanguage\":\"de\"},{\"@type\":\"Organization\",\"@id\":\"https:\\\/\\\/rosaelisabeth.nl\\\/de\\\/#organization\",\"name\":\"Rosa Elisabeth Lifecoach\",\"url\":\"https:\\\/\\\/rosaelisabeth.nl\\\/de\\\/\",\"logo\":{\"@type\":\"ImageObject\",\"inLanguage\":\"de\",\"@id\":\"https:\\\/\\\/rosaelisabeth.nl\\\/de\\\/#\\\/schema\\\/logo\\\/image\\\/\",\"url\":\"https:\\\/\\\/rosaelisabeth.nl\\\/wp-content\\\/uploads\\\/2022\\\/09\\\/Rosa-Elisabeth_LOGO_FULLCOLOR-scaled.jpg\",\"contentUrl\":\"https:\\\/\\\/rosaelisabeth.nl\\\/wp-content\\\/uploads\\\/2022\\\/09\\\/Rosa-Elisabeth_LOGO_FULLCOLOR-scaled.jpg\",\"width\":2560,\"height\":899,\"caption\":\"Rosa Elisabeth Lifecoach\"},\"image\":{\"@id\":\"https:\\\/\\\/rosaelisabeth.nl\\\/de\\\/#\\\/schema\\\/logo\\\/image\\\/\"},\"sameAs\":[\"https:\\\/\\\/www.facebook.com\\\/RosaElisabethLifecoaching\",\"https:\\\/\\\/x.com\\\/RosiGerritsen\",\"https:\\\/\\\/www.instagram.com\\\/rosaelisabeth_lifecoaching\\\/\",\"https:\\\/\\\/www.linkedin.com\\\/in\\\/regerritsen\\\/\"]}]}<\/script>\n<!-- \/ Yoast SEO plugin. -->","yoast_head_json":{"title":"Buch: Die Kunst, auf sich selbst zu h\u00f6ren - Rosa Elisabeth Lifecoach","robots":{"index":"index","follow":"follow","max-snippet":"max-snippet:-1","max-image-preview":"max-image-preview:large","max-video-preview":"max-video-preview:-1"},"canonical":"https:\/\/rosaelisabeth.nl\/de\/buch-die-kunst-auf-sich-selbst-zu-hoeren\/","og_locale":"de_DE","og_type":"article","og_title":"Buch: Die Kunst, auf sich selbst zu h\u00f6ren - Rosa Elisabeth Lifecoach","og_url":"https:\/\/rosaelisabeth.nl\/de\/buch-die-kunst-auf-sich-selbst-zu-hoeren\/","og_site_name":"Rosa Elisabeth Lifecoach","article_publisher":"https:\/\/www.facebook.com\/RosaElisabethLifecoaching","article_modified_time":"2026-03-30T14:48:22+00:00","og_image":[{"url":"https:\/\/rosaelisabeth.nl\/wp-content\/uploads\/2023\/09\/WhatsApp-Image-2023-09-27-at-09.10.29.jpeg","type":"","width":"","height":""}],"twitter_card":"summary_large_image","twitter_site":"@RosiGerritsen","twitter_misc":{"Gesch\u00e4tzte Lesezeit":"20\u00a0Minuten"},"schema":{"@context":"https:\/\/schema.org","@graph":[{"@type":"WebPage","@id":"https:\/\/rosaelisabeth.nl\/de\/buch-die-kunst-auf-sich-selbst-zu-hoeren\/","url":"https:\/\/rosaelisabeth.nl\/de\/buch-die-kunst-auf-sich-selbst-zu-hoeren\/","name":"Buch: Die Kunst, auf sich selbst zu h\u00f6ren - Rosa Elisabeth Lifecoach","isPartOf":{"@id":"https:\/\/rosaelisabeth.nl\/de\/#website"},"primaryImageOfPage":{"@id":"https:\/\/rosaelisabeth.nl\/de\/buch-die-kunst-auf-sich-selbst-zu-hoeren\/#primaryimage"},"image":{"@id":"https:\/\/rosaelisabeth.nl\/de\/buch-die-kunst-auf-sich-selbst-zu-hoeren\/#primaryimage"},"thumbnailUrl":"https:\/\/rosaelisabeth.nl\/wp-content\/uploads\/2023\/09\/WhatsApp-Image-2023-09-27-at-09.10.29.jpeg","datePublished":"2023-10-31T12:04:01+00:00","dateModified":"2026-03-30T14:48:22+00:00","breadcrumb":{"@id":"https:\/\/rosaelisabeth.nl\/de\/buch-die-kunst-auf-sich-selbst-zu-hoeren\/#breadcrumb"},"inLanguage":"de","potentialAction":[{"@type":"ReadAction","target":["https:\/\/rosaelisabeth.nl\/de\/buch-die-kunst-auf-sich-selbst-zu-hoeren\/"]}]},{"@type":"ImageObject","inLanguage":"de","@id":"https:\/\/rosaelisabeth.nl\/de\/buch-die-kunst-auf-sich-selbst-zu-hoeren\/#primaryimage","url":"https:\/\/rosaelisabeth.nl\/wp-content\/uploads\/2023\/09\/WhatsApp-Image-2023-09-27-at-09.10.29.jpeg","contentUrl":"https:\/\/rosaelisabeth.nl\/wp-content\/uploads\/2023\/09\/WhatsApp-Image-2023-09-27-at-09.10.29.jpeg"},{"@type":"BreadcrumbList","@id":"https:\/\/rosaelisabeth.nl\/de\/buch-die-kunst-auf-sich-selbst-zu-hoeren\/#breadcrumb","itemListElement":[{"@type":"ListItem","position":1,"name":"Home","item":"https:\/\/rosaelisabeth.nl\/de\/home\/"},{"@type":"ListItem","position":2,"name":"Buch: Die Kunst, auf sich selbst zu h\u00f6ren"}]},{"@type":"WebSite","@id":"https:\/\/rosaelisabeth.nl\/de\/#website","url":"https:\/\/rosaelisabeth.nl\/de\/","name":"Rosa Elisabeth Lifecoach","description":"","publisher":{"@id":"https:\/\/rosaelisabeth.nl\/de\/#organization"},"potentialAction":[{"@type":"SearchAction","target":{"@type":"EntryPoint","urlTemplate":"https:\/\/rosaelisabeth.nl\/de\/?s={search_term_string}"},"query-input":{"@type":"PropertyValueSpecification","valueRequired":true,"valueName":"search_term_string"}}],"inLanguage":"de"},{"@type":"Organization","@id":"https:\/\/rosaelisabeth.nl\/de\/#organization","name":"Rosa Elisabeth Lifecoach","url":"https:\/\/rosaelisabeth.nl\/de\/","logo":{"@type":"ImageObject","inLanguage":"de","@id":"https:\/\/rosaelisabeth.nl\/de\/#\/schema\/logo\/image\/","url":"https:\/\/rosaelisabeth.nl\/wp-content\/uploads\/2022\/09\/Rosa-Elisabeth_LOGO_FULLCOLOR-scaled.jpg","contentUrl":"https:\/\/rosaelisabeth.nl\/wp-content\/uploads\/2022\/09\/Rosa-Elisabeth_LOGO_FULLCOLOR-scaled.jpg","width":2560,"height":899,"caption":"Rosa Elisabeth Lifecoach"},"image":{"@id":"https:\/\/rosaelisabeth.nl\/de\/#\/schema\/logo\/image\/"},"sameAs":["https:\/\/www.facebook.com\/RosaElisabethLifecoaching","https:\/\/x.com\/RosiGerritsen","https:\/\/www.instagram.com\/rosaelisabeth_lifecoaching\/","https:\/\/www.linkedin.com\/in\/regerritsen\/"]}]}},"_links":{"self":[{"href":"https:\/\/rosaelisabeth.nl\/de\/wp-json\/wp\/v2\/pages\/13343","targetHints":{"allow":["GET"]}}],"collection":[{"href":"https:\/\/rosaelisabeth.nl\/de\/wp-json\/wp\/v2\/pages"}],"about":[{"href":"https:\/\/rosaelisabeth.nl\/de\/wp-json\/wp\/v2\/types\/page"}],"author":[{"embeddable":true,"href":"https:\/\/rosaelisabeth.nl\/de\/wp-json\/wp\/v2\/users\/3"}],"replies":[{"embeddable":true,"href":"https:\/\/rosaelisabeth.nl\/de\/wp-json\/wp\/v2\/comments?post=13343"}],"version-history":[{"count":1,"href":"https:\/\/rosaelisabeth.nl\/de\/wp-json\/wp\/v2\/pages\/13343\/revisions"}],"predecessor-version":[{"id":13346,"href":"https:\/\/rosaelisabeth.nl\/de\/wp-json\/wp\/v2\/pages\/13343\/revisions\/13346"}],"wp:attachment":[{"href":"https:\/\/rosaelisabeth.nl\/de\/wp-json\/wp\/v2\/media?parent=13343"}],"curies":[{"name":"wp","href":"https:\/\/api.w.org\/{rel}","templated":true}]}}